{"id":10633,"date":"2021-09-30T13:15:28","date_gmt":"2022-02-18T19:09:34","guid":{"rendered":"https:\/\/www.erableaufildutemps.ca\/product\/maple-spices\/"},"modified":"2023-08-01T11:16:22","modified_gmt":"2023-08-01T15:16:22","slug":"maple-spices","status":"publish","type":"product","link":"https:\/\/erableaufildutemps.ca\/en\/product\/maple-spices\/","title":{"rendered":"Maple Spices"},"content":{"rendered":"<p><a href=\"https:\/\/erableaufildutemps.ca\/wp-content\/uploads\/2021\/09\/Montage-e%CC%81pices.jpg\"><img loading=\"lazy\" decoding=\"async\" class=\"alignnone wp-image-10062\" src=\"https:\/\/erableaufildutemps.ca\/wp-content\/uploads\/2021\/09\/Montage-e%CC%81pices.jpg\" alt=\"\" width=\"750\" height=\"750\"><\/a><\/p>\n","protected":false},"excerpt":{"rendered":"<p>You can put it almost anywhere! On your fresh raw vegetables, cooked vegetables, all meats, fish, seafood, pasta, eggs, homemade sauces and marinades, veggie meals&#8230; etc.<\/p>\n<p>Ingredients : Pure maple sugar, salt, garlic powder, pepper, onion powder, parsley.<\/p>\n","protected":false},"featured_media":11008,"template":"","meta":{"_acf_changed":false,"site-sidebar-layout":"default","site-content-layout":"default","ast-site-content-layout":"default","site-content-style":"default","site-sidebar-style":"default","ast-global-header-display":"","ast-banner-title-visibility":"","ast-main-header-display":"","ast-hfb-above-header-display":"","ast-hfb-below-header-display":"","ast-hfb-mobile-header-display":"","site-post-title":"","ast-breadcrumbs-content":"","ast-featured-img":"","footer-sml-layout":"","theme-transparent-header-meta":"default","adv-header-id-meta":"","stick-header-meta":"default","header-above-stick-meta":"","header-main-stick-meta":"","header-below-stick-meta":"","astra-migrate-meta-layouts":""},"product_brand":[],"product_cat":[800],"product_tag":[],"class_list":{"0":"post-10633","1":"product","2":"type-product","3":"status-publish","4":"has-post-thumbnail","6":"product_cat-maple-condiments","7":"product_shipping_class-exclude-outside-quebec","8":"desktop-align-left","9":"tablet-align-left","10":"mobile-align-left","11":"ast-product-gallery-layout-horizontal-slider","12":"ast-product-gallery-with-no-image","13":"ast-magnify-disabled","14":"ast-product-tabs-layout-horizontal","16":"first","17":"instock","18":"taxable","19":"shipping-taxable","20":"purchasable","21":"product-type-simple"},"acf":[],"yoast_head":"<!-- This site is optimized with the Yoast SEO plugin v26.7 - https:\/\/yoast.com\/wordpress\/plugins\/seo\/ -->\n<title>Maple Spices - \u00c9rable au fil du temps - Maple grove and maple products<\/title>\n<meta name=\"description\" content=\"L&#039;\u00c9rable&#039;s blend of L&#039;\u00c9rable au fil du temps. Season your meat, fish, shellfish and vegetables. Add a touch of maple syrup.\" \/>\n<meta name=\"robots\" content=\"index, follow, max-snippet:-1, max-image-preview:large, max-video-preview:-1\" \/>\n<link rel=\"canonical\" href=\"https:\/\/erableaufildutemps.ca\/en\/product\/maple-spices\/\" \/>\n<meta property=\"og:locale\" content=\"en_US\" \/>\n<meta property=\"og:type\" content=\"article\" \/>\n<meta property=\"og:title\" content=\"Maple Spices - \u00c9rable au fil du temps - Maple grove and maple products\" \/>\n<meta property=\"og:description\" content=\"L&#039;\u00c9rable&#039;s blend of L&#039;\u00c9rable au fil du temps. Season your meat, fish, shellfish and vegetables. Add a touch of maple syrup.\" \/>\n<meta property=\"og:url\" content=\"https:\/\/erableaufildutemps.ca\/en\/product\/maple-spices\/\" \/>\n<meta property=\"og:site_name\" content=\"\u00c9rable au fil du temps - Maple grove and maple products\" \/>\n<meta property=\"article:modified_time\" content=\"2023-08-01T15:16:22+00:00\" \/>\n<meta property=\"og:image\" content=\"https:\/\/erableaufildutemps.ca\/wp-content\/uploads\/2021\/09\/epiceerable.jpg\" \/>\n\t<meta property=\"og:image:width\" content=\"1080\" \/>\n\t<meta property=\"og:image:height\" content=\"1080\" \/>\n\t<meta property=\"og:image:type\" content=\"image\/jpeg\" \/>\n<meta name=\"twitter:card\" content=\"summary_large_image\" \/>\n<script type=\"application\/ld+json\" class=\"yoast-schema-graph\">{\"@context\":\"https:\/\/schema.org\",\"@graph\":[{\"@type\":\"WebPage\",\"@id\":\"https:\/\/erableaufildutemps.ca\/en\/product\/maple-spices\/\",\"url\":\"https:\/\/erableaufildutemps.ca\/en\/product\/maple-spices\/\",\"name\":\"Maple Spices - \u00c9rable au fil du temps - Maple grove and maple products\",\"isPartOf\":{\"@id\":\"https:\/\/erableaufildutemps.ca\/#website\"},\"primaryImageOfPage\":{\"@id\":\"https:\/\/erableaufildutemps.ca\/en\/product\/maple-spices\/#primaryimage\"},\"image\":{\"@id\":\"https:\/\/erableaufildutemps.ca\/en\/product\/maple-spices\/#primaryimage\"},\"thumbnailUrl\":\"https:\/\/erableaufildutemps.ca\/wp-content\/uploads\/2021\/09\/epiceerable.jpg\",\"datePublished\":\"2022-02-18T19:09:34+00:00\",\"dateModified\":\"2023-08-01T15:16:22+00:00\",\"description\":\"L'\u00c9rable's blend of L'\u00c9rable au fil du temps. Season your meat, fish, shellfish and vegetables. Add a touch of maple syrup.\",\"breadcrumb\":{\"@id\":\"https:\/\/erableaufildutemps.ca\/en\/product\/maple-spices\/#breadcrumb\"},\"inLanguage\":\"en-US\",\"potentialAction\":[{\"@type\":\"ReadAction\",\"target\":[\"https:\/\/erableaufildutemps.ca\/en\/product\/maple-spices\/\"]}]},{\"@type\":\"ImageObject\",\"inLanguage\":\"en-US\",\"@id\":\"https:\/\/erableaufildutemps.ca\/en\/product\/maple-spices\/#primaryimage\",\"url\":\"https:\/\/erableaufildutemps.ca\/wp-content\/uploads\/2021\/09\/epiceerable.jpg\",\"contentUrl\":\"https:\/\/erableaufildutemps.ca\/wp-content\/uploads\/2021\/09\/epiceerable.jpg\",\"width\":1080,\"height\":1080,\"caption\":\"Premium isolated images\"},{\"@type\":\"BreadcrumbList\",\"@id\":\"https:\/\/erableaufildutemps.ca\/en\/product\/maple-spices\/#breadcrumb\",\"itemListElement\":[{\"@type\":\"ListItem\",\"position\":1,\"name\":\"Accueil\",\"item\":\"https:\/\/erableaufildutemps.ca\/en\/homepage\/\"},{\"@type\":\"ListItem\",\"position\":2,\"name\":\"Shop\",\"item\":\"https:\/\/erableaufildutemps.ca\/en\/shop\/\"},{\"@type\":\"ListItem\",\"position\":3,\"name\":\"Maple Spices\"}]},{\"@type\":\"WebSite\",\"@id\":\"https:\/\/erableaufildutemps.ca\/#website\",\"url\":\"https:\/\/erableaufildutemps.ca\/\",\"name\":\"\u00c9rable au fil du temps - Maple grove and maple products\",\"description\":\"L&#039;\u00e9rable c&#039;est tout le temps bon!\",\"publisher\":{\"@id\":\"https:\/\/erableaufildutemps.ca\/#organization\"},\"potentialAction\":[{\"@type\":\"SearchAction\",\"target\":{\"@type\":\"EntryPoint\",\"urlTemplate\":\"https:\/\/erableaufildutemps.ca\/?s={search_term_string}\"},\"query-input\":{\"@type\":\"PropertyValueSpecification\",\"valueRequired\":true,\"valueName\":\"search_term_string\"}}],\"inLanguage\":\"en-US\"},{\"@type\":\"Organization\",\"@id\":\"https:\/\/erableaufildutemps.ca\/#organization\",\"name\":\"\u00c9rable au fil du temps - Maple grove and maple products\",\"url\":\"https:\/\/erableaufildutemps.ca\/\",\"logo\":{\"@type\":\"ImageObject\",\"inLanguage\":\"en-US\",\"@id\":\"https:\/\/erableaufildutemps.ca\/#\/schema\/logo\/image\/\",\"url\":\"https:\/\/erableaufildutemps.ca\/wp-content\/uploads\/2020\/11\/cropped-ErableFilDuTemps_LOGO.png\",\"contentUrl\":\"https:\/\/erableaufildutemps.ca\/wp-content\/uploads\/2020\/11\/cropped-ErableFilDuTemps_LOGO.png\",\"width\":582,\"height\":380,\"caption\":\"\u00c9rable au fil du temps - Maple grove and maple products\"},\"image\":{\"@id\":\"https:\/\/erableaufildutemps.ca\/#\/schema\/logo\/image\/\"}}]}<\/script>\n<!-- \/ Yoast SEO plugin. -->","yoast_head_json":{"title":"Maple Spices - \u00c9rable au fil du temps - Maple grove and maple products","description":"L'\u00c9rable's blend of L'\u00c9rable au fil du temps. Season your meat, fish, shellfish and vegetables. Add a touch of maple syrup.","robots":{"index":"index","follow":"follow","max-snippet":"max-snippet:-1","max-image-preview":"max-image-preview:large","max-video-preview":"max-video-preview:-1"},"canonical":"https:\/\/erableaufildutemps.ca\/en\/product\/maple-spices\/","og_locale":"en_US","og_type":"article","og_title":"Maple Spices - \u00c9rable au fil du temps - Maple grove and maple products","og_description":"L'\u00c9rable's blend of L'\u00c9rable au fil du temps. Season your meat, fish, shellfish and vegetables. Add a touch of maple syrup.","og_url":"https:\/\/erableaufildutemps.ca\/en\/product\/maple-spices\/","og_site_name":"\u00c9rable au fil du temps - Maple grove and maple products","article_modified_time":"2023-08-01T15:16:22+00:00","og_image":[{"width":1080,"height":1080,"url":"https:\/\/erableaufildutemps.ca\/wp-content\/uploads\/2021\/09\/epiceerable.jpg","type":"image\/jpeg"}],"twitter_card":"summary_large_image","schema":{"@context":"https:\/\/schema.org","@graph":[{"@type":"WebPage","@id":"https:\/\/erableaufildutemps.ca\/en\/product\/maple-spices\/","url":"https:\/\/erableaufildutemps.ca\/en\/product\/maple-spices\/","name":"Maple Spices - \u00c9rable au fil du temps - Maple grove and maple products","isPartOf":{"@id":"https:\/\/erableaufildutemps.ca\/#website"},"primaryImageOfPage":{"@id":"https:\/\/erableaufildutemps.ca\/en\/product\/maple-spices\/#primaryimage"},"image":{"@id":"https:\/\/erableaufildutemps.ca\/en\/product\/maple-spices\/#primaryimage"},"thumbnailUrl":"https:\/\/erableaufildutemps.ca\/wp-content\/uploads\/2021\/09\/epiceerable.jpg","datePublished":"2022-02-18T19:09:34+00:00","dateModified":"2023-08-01T15:16:22+00:00","description":"L'\u00c9rable's blend of L'\u00c9rable au fil du temps. Season your meat, fish, shellfish and vegetables. Add a touch of maple syrup.","breadcrumb":{"@id":"https:\/\/erableaufildutemps.ca\/en\/product\/maple-spices\/#breadcrumb"},"inLanguage":"en-US","potentialAction":[{"@type":"ReadAction","target":["https:\/\/erableaufildutemps.ca\/en\/product\/maple-spices\/"]}]},{"@type":"ImageObject","inLanguage":"en-US","@id":"https:\/\/erableaufildutemps.ca\/en\/product\/maple-spices\/#primaryimage","url":"https:\/\/erableaufildutemps.ca\/wp-content\/uploads\/2021\/09\/epiceerable.jpg","contentUrl":"https:\/\/erableaufildutemps.ca\/wp-content\/uploads\/2021\/09\/epiceerable.jpg","width":1080,"height":1080,"caption":"Premium isolated images"},{"@type":"BreadcrumbList","@id":"https:\/\/erableaufildutemps.ca\/en\/product\/maple-spices\/#breadcrumb","itemListElement":[{"@type":"ListItem","position":1,"name":"Accueil","item":"https:\/\/erableaufildutemps.ca\/en\/homepage\/"},{"@type":"ListItem","position":2,"name":"Shop","item":"https:\/\/erableaufildutemps.ca\/en\/shop\/"},{"@type":"ListItem","position":3,"name":"Maple Spices"}]},{"@type":"WebSite","@id":"https:\/\/erableaufildutemps.ca\/#website","url":"https:\/\/erableaufildutemps.ca\/","name":"\u00c9rable au fil du temps - Maple grove and maple products","description":"L&#039;\u00e9rable c&#039;est tout le temps bon!","publisher":{"@id":"https:\/\/erableaufildutemps.ca\/#organization"},"potentialAction":[{"@type":"SearchAction","target":{"@type":"EntryPoint","urlTemplate":"https:\/\/erableaufildutemps.ca\/?s={search_term_string}"},"query-input":{"@type":"PropertyValueSpecification","valueRequired":true,"valueName":"search_term_string"}}],"inLanguage":"en-US"},{"@type":"Organization","@id":"https:\/\/erableaufildutemps.ca\/#organization","name":"\u00c9rable au fil du temps - Maple grove and maple products","url":"https:\/\/erableaufildutemps.ca\/","logo":{"@type":"ImageObject","inLanguage":"en-US","@id":"https:\/\/erableaufildutemps.ca\/#\/schema\/logo\/image\/","url":"https:\/\/erableaufildutemps.ca\/wp-content\/uploads\/2020\/11\/cropped-ErableFilDuTemps_LOGO.png","contentUrl":"https:\/\/erableaufildutemps.ca\/wp-content\/uploads\/2020\/11\/cropped-ErableFilDuTemps_LOGO.png","width":582,"height":380,"caption":"\u00c9rable au fil du temps - Maple grove and maple products"},"image":{"@id":"https:\/\/erableaufildutemps.ca\/#\/schema\/logo\/image\/"}}]}},"_links":{"self":[{"href":"https:\/\/erableaufildutemps.ca\/en\/wp-json\/wp\/v2\/product\/10633","targetHints":{"allow":["GET"]}}],"collection":[{"href":"https:\/\/erableaufildutemps.ca\/en\/wp-json\/wp\/v2\/product"}],"about":[{"href":"https:\/\/erableaufildutemps.ca\/en\/wp-json\/wp\/v2\/types\/product"}],"wp:featuredmedia":[{"embeddable":true,"href":"https:\/\/erableaufildutemps.ca\/en\/wp-json\/wp\/v2\/media\/11008"}],"wp:attachment":[{"href":"https:\/\/erableaufildutemps.ca\/en\/wp-json\/wp\/v2\/media?parent=10633"}],"wp:term":[{"taxonomy":"product_brand","embeddable":true,"href":"https:\/\/erableaufildutemps.ca\/en\/wp-json\/wp\/v2\/product_brand?post=10633"},{"taxonomy":"product_cat","embeddable":true,"href":"https:\/\/erableaufildutemps.ca\/en\/wp-json\/wp\/v2\/product_cat?post=10633"},{"taxonomy":"product_tag","embeddable":true,"href":"https:\/\/erableaufildutemps.ca\/en\/wp-json\/wp\/v2\/product_tag?post=10633"}],"curies":[{"name":"wp","href":"https:\/\/api.w.org\/{rel}","templated":true}]}}