{"id":10537,"date":"2022-02-08T03:10:21","date_gmt":"2022-02-08T08:10:21","guid":{"rendered":"https:\/\/www.erableaufildutemps.ca\/fundraiser\/"},"modified":"2024-01-26T17:05:33","modified_gmt":"2024-01-26T22:05:33","slug":"fundraiser","status":"publish","type":"page","link":"https:\/\/erableaufildutemps.ca\/en\/fundraiser\/","title":{"rendered":"Fundraiser"},"content":{"rendered":"\n\n\t\t\t\t\t\t\t\t\t<img loading=\"lazy\" decoding=\"async\" src=\"https:\/\/erableaufildutemps.ca\/wp-content\/uploads\/2020\/11\/ErableFilDuTemps_LOGO-rond.png\" alt=\"ErableFilDuTemps_LOGO-rond\" itemprop=\"image\" height=\"582\" width=\"582\" srcset=\"https:\/\/erableaufildutemps.ca\/wp-content\/uploads\/2020\/11\/ErableFilDuTemps_LOGO-rond.png 582w, https:\/\/erableaufildutemps.ca\/wp-content\/uploads\/2020\/11\/ErableFilDuTemps_LOGO-rond-300x300.png 300w, https:\/\/erableaufildutemps.ca\/wp-content\/uploads\/2020\/11\/ErableFilDuTemps_LOGO-rond-100x100.png 100w, https:\/\/erableaufildutemps.ca\/wp-content\/uploads\/2020\/11\/ErableFilDuTemps_LOGO-rond-150x150.png 150w\" sizes=\"auto, (max-width: 582px) 100vw, 582px\" title=\"ErableFilDuTemps_LOGO-rond\" onerror=\"this.style.display='none'\"  \/>\n\t\t<h1>\n\t\t\tFUNDRAISER<br \/>MAPLE\n\t\t<\/h1>\n\t\t\t<p>MAPLE PRODUCTS TO FINANCE YOUR ACTIVITIES!<\/p>\t\t\n\t\t\t<a href=\"https:\/\/coolecto.com\/register-from-supplier\/dDRz85fXG\/462\" target=\"_blank\" rel=\"noopener\">\n\t\t\t\t\t\t\tStart your fundraiser\n\t\t\t\t\t<\/a>\n\t\t<h2>\n\t\t\tBecause maple is always good,\n\t\t\t\t\t\t\t\t\t\t\teven for a fundraiser!\n\t\t<\/h2>\n\t\t\t<h5>For your fundraiser, choose local maple products prepared by a family business with care and love. Delicious products prepared with 100% pure maple syrup, certified by the F\u00e9d\u00e9ration des producteurs et productrices ac\u00e9ricoles du Qu\u00e9bec, that are sure to add plenty of taste!<\/h5>\t\t\n\t\t\t<a href=\"https:\/\/coolecto.com\/register-from-supplier\/dDRz85fXG\/462\" target=\"_blank\" rel=\"noopener\">\n\t\t\t\t\t\t\tStart your fundraiser\n\t\t\t\t\t<\/a>\n\t\t<img decoding=\"async\" src=\"https:\/\/erableaufildutemps.ca\/wp-content\/uploads\/2021\/05\/L_ERABLE_QC_PAS_RVB.png\" alt=\"L_ERABLE_QC_PAS_RVB\" itemprop=\"image\"\/>\n\t\t<h4>\n\t\t\tOUR PRODUCTS AVAILABLE FOR FUNDRAISING\n\t\t<\/h4>\n\t\t\t\t\t\t\t<img decoding=\"async\" src=\"https:\/\/erableaufildutemps.ca\/wp-content\/uploads\/2020\/11\/Boutique-prep08.jpg\" alt=\"Maple mustard\" data-no-lazy=\"1\" \/>\n                            \n                                Maple mustard                            \n\t\t\t\t\t\t\t<img decoding=\"async\" src=\"https:\/\/erableaufildutemps.ca\/wp-content\/uploads\/2020\/11\/Boutique-pure04.jpg\" alt=\"Maple Butter\" data-no-lazy=\"1\" \/>\n                            \n                                Maple Butter                            \n\t\t\t\t\t\t\t<img decoding=\"async\" src=\"https:\/\/erableaufildutemps.ca\/wp-content\/uploads\/2021\/11\/Boutique-pure-cornetbeurre-tire12.jpg\" alt=\"Maple butter and taffy cones\" data-no-lazy=\"1\" \/>\n                            \n                                Maple butter and taffy cones                            \n\t\t\t\t\t\t\t<img decoding=\"async\" src=\"https:\/\/erableaufildutemps.ca\/wp-content\/uploads\/2021\/01\/Boutique-prep13.jpg\" alt=\"Maple Ketchup Sauce\" data-no-lazy=\"1\" \/>\n                            \n                                Maple Ketchup Sauce                            \n\t\t\t\t\t\t\t<img decoding=\"async\" src=\"https:\/\/erableaufildutemps.ca\/wp-content\/uploads\/2021\/01\/Boutique-prep12.jpg\" alt=\"Maple Balsamic Vinaigrette\" data-no-lazy=\"1\" \/>\n                            \n                                Maple Balsamic Vinaigrette                            \n\t\t\t<button>Next<\/button>\n\t\t<button>Previous<\/button>\n\n","protected":false},"excerpt":{"rendered":"<p>FUNDRAISERMAPLE MAPLE PRODUCTS TO FINANCE YOUR ACTIVITIES! Start your fundraiser Because maple is always good, even for a fundraiser! For your fundraiser, choose local maple products prepared by a family business with care and love. Delicious products prepared with 100% pure maple syrup, certified by the F\u00e9d\u00e9ration des producteurs et productrices ac\u00e9ricoles du Qu\u00e9bec, that &hellip;<\/p>\n<p class=\"read-more\"> <a class=\"\" href=\"https:\/\/erableaufildutemps.ca\/en\/fundraiser\/\"> <span class=\"screen-reader-text\">Fundraiser<\/span> Lire la suite \u00bb<\/a><\/p>\n","protected":false},"author":8,"featured_media":0,"parent":0,"menu_order":3,"comment_status":"closed","ping_status":"closed","template":"","meta":{"_acf_changed":false,"site-sidebar-layout":"no-sidebar","site-content-layout":"page-builder","ast-site-content-layout":"full-width-container","site-content-style":"unboxed","site-sidebar-style":"unboxed","ast-global-header-display":"","ast-banner-title-visibility":"","ast-main-header-display":"","ast-hfb-above-header-display":"","ast-hfb-below-header-display":"","ast-hfb-mobile-header-display":"","site-post-title":"disabled","ast-breadcrumbs-content":"","ast-featured-img":"disabled","footer-sml-layout":"","theme-transparent-header-meta":"disabled","adv-header-id-meta":"","stick-header-meta":"enabled","header-above-stick-meta":"on","header-main-stick-meta":"on","header-below-stick-meta":"","astra-migrate-meta-layouts":"","footnotes":""},"class_list":["post-10537","page","type-page","status-publish","hentry"],"acf":[],"yoast_head":"<!-- This site is optimized with the Yoast SEO plugin v26.7 - https:\/\/yoast.com\/wordpress\/plugins\/seo\/ -->\n<title>Maple Fundraiser | MAPLE PRODUCTS TO FINANCE YOUR ACTIVITIES!<\/title>\n<meta name=\"description\" content=\"For your fundraiser, choose local maple products prepared by a family business with care and love.\" \/>\n<meta name=\"robots\" content=\"index, follow, max-snippet:-1, max-image-preview:large, max-video-preview:-1\" \/>\n<link rel=\"canonical\" href=\"https:\/\/erableaufildutemps.ca\/en\/fundraiser\/\" \/>\n<meta property=\"og:locale\" content=\"en_US\" \/>\n<meta property=\"og:type\" content=\"article\" \/>\n<meta property=\"og:title\" content=\"Maple Fundraiser | MAPLE PRODUCTS TO FINANCE YOUR ACTIVITIES!\" \/>\n<meta property=\"og:description\" content=\"For your fundraiser, choose local maple products prepared by a family business with care and love.\" \/>\n<meta property=\"og:url\" content=\"https:\/\/erableaufildutemps.ca\/en\/fundraiser\/\" \/>\n<meta property=\"og:site_name\" content=\"\u00c9rable au fil du temps - Maple grove and maple products\" \/>\n<meta property=\"article:modified_time\" content=\"2024-01-26T22:05:33+00:00\" \/>\n<meta property=\"og:image\" content=\"https:\/\/erableaufildutemps.ca\/wp-content\/uploads\/2020\/11\/ErableFilDuTemps_LOGO-rond.png\" \/>\n<meta name=\"twitter:card\" content=\"summary_large_image\" \/>\n<script type=\"application\/ld+json\" class=\"yoast-schema-graph\">{\"@context\":\"https:\/\/schema.org\",\"@graph\":[{\"@type\":\"WebPage\",\"@id\":\"https:\/\/erableaufildutemps.ca\/en\/fundraiser\/\",\"url\":\"https:\/\/erableaufildutemps.ca\/en\/fundraiser\/\",\"name\":\"Maple Fundraiser | MAPLE PRODUCTS TO FINANCE YOUR ACTIVITIES!\",\"isPartOf\":{\"@id\":\"https:\/\/erableaufildutemps.ca\/#website\"},\"primaryImageOfPage\":{\"@id\":\"https:\/\/erableaufildutemps.ca\/en\/fundraiser\/#primaryimage\"},\"image\":{\"@id\":\"https:\/\/erableaufildutemps.ca\/en\/fundraiser\/#primaryimage\"},\"thumbnailUrl\":\"https:\/\/erableaufildutemps.ca\/wp-content\/uploads\/2020\/11\/ErableFilDuTemps_LOGO-rond.png\",\"datePublished\":\"2022-02-08T08:10:21+00:00\",\"dateModified\":\"2024-01-26T22:05:33+00:00\",\"description\":\"For your fundraiser, choose local maple products prepared by a family business with care and love.\",\"breadcrumb\":{\"@id\":\"https:\/\/erableaufildutemps.ca\/en\/fundraiser\/#breadcrumb\"},\"inLanguage\":\"en-US\",\"potentialAction\":[{\"@type\":\"ReadAction\",\"target\":[\"https:\/\/erableaufildutemps.ca\/en\/fundraiser\/\"]}]},{\"@type\":\"ImageObject\",\"inLanguage\":\"en-US\",\"@id\":\"https:\/\/erableaufildutemps.ca\/en\/fundraiser\/#primaryimage\",\"url\":\"https:\/\/erableaufildutemps.ca\/wp-content\/uploads\/2020\/11\/ErableFilDuTemps_LOGO-rond.png\",\"contentUrl\":\"https:\/\/erableaufildutemps.ca\/wp-content\/uploads\/2020\/11\/ErableFilDuTemps_LOGO-rond.png\"},{\"@type\":\"BreadcrumbList\",\"@id\":\"https:\/\/erableaufildutemps.ca\/en\/fundraiser\/#breadcrumb\",\"itemListElement\":[{\"@type\":\"ListItem\",\"position\":1,\"name\":\"Accueil\",\"item\":\"https:\/\/erableaufildutemps.ca\/en\/homepage\/\"},{\"@type\":\"ListItem\",\"position\":2,\"name\":\"Fundraiser\"}]},{\"@type\":\"WebSite\",\"@id\":\"https:\/\/erableaufildutemps.ca\/#website\",\"url\":\"https:\/\/erableaufildutemps.ca\/\",\"name\":\"\u00c9rable au fil du temps - Maple grove and maple products\",\"description\":\"L&#039;\u00e9rable c&#039;est tout le temps bon!\",\"publisher\":{\"@id\":\"https:\/\/erableaufildutemps.ca\/#organization\"},\"potentialAction\":[{\"@type\":\"SearchAction\",\"target\":{\"@type\":\"EntryPoint\",\"urlTemplate\":\"https:\/\/erableaufildutemps.ca\/?s={search_term_string}\"},\"query-input\":{\"@type\":\"PropertyValueSpecification\",\"valueRequired\":true,\"valueName\":\"search_term_string\"}}],\"inLanguage\":\"en-US\"},{\"@type\":\"Organization\",\"@id\":\"https:\/\/erableaufildutemps.ca\/#organization\",\"name\":\"\u00c9rable au fil du temps - Maple grove and maple products\",\"url\":\"https:\/\/erableaufildutemps.ca\/\",\"logo\":{\"@type\":\"ImageObject\",\"inLanguage\":\"en-US\",\"@id\":\"https:\/\/erableaufildutemps.ca\/#\/schema\/logo\/image\/\",\"url\":\"https:\/\/erableaufildutemps.ca\/wp-content\/uploads\/2020\/11\/cropped-ErableFilDuTemps_LOGO.png\",\"contentUrl\":\"https:\/\/erableaufildutemps.ca\/wp-content\/uploads\/2020\/11\/cropped-ErableFilDuTemps_LOGO.png\",\"width\":582,\"height\":380,\"caption\":\"\u00c9rable au fil du temps - Maple grove and maple products\"},\"image\":{\"@id\":\"https:\/\/erableaufildutemps.ca\/#\/schema\/logo\/image\/\"}}]}<\/script>\n<!-- \/ Yoast SEO plugin. -->","yoast_head_json":{"title":"Maple Fundraiser | MAPLE PRODUCTS TO FINANCE YOUR ACTIVITIES!","description":"For your fundraiser, choose local maple products prepared by a family business with care and love.","robots":{"index":"index","follow":"follow","max-snippet":"max-snippet:-1","max-image-preview":"max-image-preview:large","max-video-preview":"max-video-preview:-1"},"canonical":"https:\/\/erableaufildutemps.ca\/en\/fundraiser\/","og_locale":"en_US","og_type":"article","og_title":"Maple Fundraiser | MAPLE PRODUCTS TO FINANCE YOUR ACTIVITIES!","og_description":"For your fundraiser, choose local maple products prepared by a family business with care and love.","og_url":"https:\/\/erableaufildutemps.ca\/en\/fundraiser\/","og_site_name":"\u00c9rable au fil du temps - Maple grove and maple products","article_modified_time":"2024-01-26T22:05:33+00:00","og_image":[{"url":"https:\/\/erableaufildutemps.ca\/wp-content\/uploads\/2020\/11\/ErableFilDuTemps_LOGO-rond.png","type":"","width":"","height":""}],"twitter_card":"summary_large_image","schema":{"@context":"https:\/\/schema.org","@graph":[{"@type":"WebPage","@id":"https:\/\/erableaufildutemps.ca\/en\/fundraiser\/","url":"https:\/\/erableaufildutemps.ca\/en\/fundraiser\/","name":"Maple Fundraiser | MAPLE PRODUCTS TO FINANCE YOUR ACTIVITIES!","isPartOf":{"@id":"https:\/\/erableaufildutemps.ca\/#website"},"primaryImageOfPage":{"@id":"https:\/\/erableaufildutemps.ca\/en\/fundraiser\/#primaryimage"},"image":{"@id":"https:\/\/erableaufildutemps.ca\/en\/fundraiser\/#primaryimage"},"thumbnailUrl":"https:\/\/erableaufildutemps.ca\/wp-content\/uploads\/2020\/11\/ErableFilDuTemps_LOGO-rond.png","datePublished":"2022-02-08T08:10:21+00:00","dateModified":"2024-01-26T22:05:33+00:00","description":"For your fundraiser, choose local maple products prepared by a family business with care and love.","breadcrumb":{"@id":"https:\/\/erableaufildutemps.ca\/en\/fundraiser\/#breadcrumb"},"inLanguage":"en-US","potentialAction":[{"@type":"ReadAction","target":["https:\/\/erableaufildutemps.ca\/en\/fundraiser\/"]}]},{"@type":"ImageObject","inLanguage":"en-US","@id":"https:\/\/erableaufildutemps.ca\/en\/fundraiser\/#primaryimage","url":"https:\/\/erableaufildutemps.ca\/wp-content\/uploads\/2020\/11\/ErableFilDuTemps_LOGO-rond.png","contentUrl":"https:\/\/erableaufildutemps.ca\/wp-content\/uploads\/2020\/11\/ErableFilDuTemps_LOGO-rond.png"},{"@type":"BreadcrumbList","@id":"https:\/\/erableaufildutemps.ca\/en\/fundraiser\/#breadcrumb","itemListElement":[{"@type":"ListItem","position":1,"name":"Accueil","item":"https:\/\/erableaufildutemps.ca\/en\/homepage\/"},{"@type":"ListItem","position":2,"name":"Fundraiser"}]},{"@type":"WebSite","@id":"https:\/\/erableaufildutemps.ca\/#website","url":"https:\/\/erableaufildutemps.ca\/","name":"\u00c9rable au fil du temps - Maple grove and maple products","description":"L&#039;\u00e9rable c&#039;est tout le temps bon!","publisher":{"@id":"https:\/\/erableaufildutemps.ca\/#organization"},"potentialAction":[{"@type":"SearchAction","target":{"@type":"EntryPoint","urlTemplate":"https:\/\/erableaufildutemps.ca\/?s={search_term_string}"},"query-input":{"@type":"PropertyValueSpecification","valueRequired":true,"valueName":"search_term_string"}}],"inLanguage":"en-US"},{"@type":"Organization","@id":"https:\/\/erableaufildutemps.ca\/#organization","name":"\u00c9rable au fil du temps - Maple grove and maple products","url":"https:\/\/erableaufildutemps.ca\/","logo":{"@type":"ImageObject","inLanguage":"en-US","@id":"https:\/\/erableaufildutemps.ca\/#\/schema\/logo\/image\/","url":"https:\/\/erableaufildutemps.ca\/wp-content\/uploads\/2020\/11\/cropped-ErableFilDuTemps_LOGO.png","contentUrl":"https:\/\/erableaufildutemps.ca\/wp-content\/uploads\/2020\/11\/cropped-ErableFilDuTemps_LOGO.png","width":582,"height":380,"caption":"\u00c9rable au fil du temps - Maple grove and maple products"},"image":{"@id":"https:\/\/erableaufildutemps.ca\/#\/schema\/logo\/image\/"}}]}},"_links":{"self":[{"href":"https:\/\/erableaufildutemps.ca\/en\/wp-json\/wp\/v2\/pages\/10537","targetHints":{"allow":["GET"]}}],"collection":[{"href":"https:\/\/erableaufildutemps.ca\/en\/wp-json\/wp\/v2\/pages"}],"about":[{"href":"https:\/\/erableaufildutemps.ca\/en\/wp-json\/wp\/v2\/types\/page"}],"author":[{"embeddable":true,"href":"https:\/\/erableaufildutemps.ca\/en\/wp-json\/wp\/v2\/users\/8"}],"replies":[{"embeddable":true,"href":"https:\/\/erableaufildutemps.ca\/en\/wp-json\/wp\/v2\/comments?post=10537"}],"version-history":[{"count":2,"href":"https:\/\/erableaufildutemps.ca\/en\/wp-json\/wp\/v2\/pages\/10537\/revisions"}],"predecessor-version":[{"id":11640,"href":"https:\/\/erableaufildutemps.ca\/en\/wp-json\/wp\/v2\/pages\/10537\/revisions\/11640"}],"wp:attachment":[{"href":"https:\/\/erableaufildutemps.ca\/en\/wp-json\/wp\/v2\/media?parent=10537"}],"curies":[{"name":"wp","href":"https:\/\/api.w.org\/{rel}","templated":true}]}}