{"id":10320,"date":"2022-02-07T21:01:06","date_gmt":"2022-02-08T02:01:06","guid":{"rendered":"https:\/\/www.erableaufildutemps.ca\/my-account\/"},"modified":"2022-02-07T21:01:06","modified_gmt":"2022-02-08T02:01:06","slug":"my-account","status":"publish","type":"page","link":"https:\/\/erableaufildutemps.ca\/en\/my-account\/","title":{"rendered":"My Account"},"content":{"rendered":"\n\tClick here to edit the announcement-bar module. This text is only for editing and will disappear after you publish the changes.\n\t\t\t\t\t\t<p>NOUS LIVRONS DANS PLUSIEURS R\u00c9GIONS, CONTACTEZ-NOUS!<\/p>\n\t<h1>\n\t\t\t\tMon compte\n\t\t\t<\/h1>\n<nav>\n\t<ul>\n\t\t\t\t\t<li>\n\t\t\t\t<a href=\"https:\/\/www.erableaufildutemps.ca\/mon-compte\/\">Tableau de bord<\/a>\n\t\t\t<\/li>\n\t\t\t\t\t<li>\n\t\t\t\t<a href=\"https:\/\/www.erableaufildutemps.ca\/mon-compte\/orders\/\">Commandes<\/a>\n\t\t\t<\/li>\n\t\t\t\t\t<li>\n\t\t\t\t<a href=\"https:\/\/www.erableaufildutemps.ca\/mon-compte\/downloads\/\">T\u00e9l\u00e9chargements<\/a>\n\t\t\t<\/li>\n\t\t\t\t\t<li>\n\t\t\t\t<a href=\"https:\/\/www.erableaufildutemps.ca\/mon-compte\/edit-address\/\">Adresses<\/a>\n\t\t\t<\/li>\n\t\t\t\t\t<li>\n\t\t\t\t<a href=\"https:\/\/www.erableaufildutemps.ca\/mon-compte\/payment-methods\/\">Moyens de paiement<\/a>\n\t\t\t<\/li>\n\t\t\t\t\t<li>\n\t\t\t\t<a href=\"https:\/\/www.erableaufildutemps.ca\/mon-compte\/edit-account\/\">D\u00e9tails du compte<\/a>\n\t\t\t<\/li>\n\t\t\t\t\t<li>\n\t\t\t\t<a href=\"https:\/\/www.erableaufildutemps.ca\/mon-compte\/customer-logout\/?_wpnonce=44f55d8f03\">D\u00e9connexion<\/a>\n\t\t\t<\/li>\n\t\t\t<\/ul>\n<\/nav>\n\t<table>\n\t\t<thead>\n\t\t\t<tr>\n\t\t\t\t\t\t\t\t\t<th>Commande<\/th>\n\t\t\t\t\t\t\t\t\t<th>Date<\/th>\n\t\t\t\t\t\t\t\t\t<th>\u00c9tat<\/th>\n\t\t\t\t\t\t\t\t\t<th>Total<\/th>\n\t\t\t\t\t\t\t\t\t<th>Actions<\/th>\n\t\t\t\t\t\t\t<\/tr>\n\t\t<\/thead>\n\t\t<tbody>\n\t\t\t\t\t\t\t<tr>\n\t\t\t\t\t\t\t\t\t\t\t<td data-title=\"Commande\">\n\t\t\t\t\t\t\t\t\t\t\t\t\t\t\t<a href=\"https:\/\/www.erableaufildutemps.ca\/mon-compte\/view-order\/9095\/\">\n\t\t\t\t\t\t\t\t\tn&deg;9095\t\t\t\t\t\t\t\t<\/a>\n\t\t\t\t\t\t\t\t\t\t\t\t\t<\/td>\n\t\t\t\t\t\t\t\t\t\t\t<td data-title=\"Date\">\n\t\t\t\t\t\t\t\t\t\t\t\t\t\t\t<time datetime=\"2021-02-05T12:41:38+00:00\">5 f\u00e9vrier 2021<\/time>\n\t\t\t\t\t\t\t\t\t\t\t\t\t<\/td>\n\t\t\t\t\t\t\t\t\t\t\t<td data-title=\"\u00c9tat\">\n\t\t\t\t\t\t\t\t\t\t\t\t\t\t\tRembours\u00e9e\n\t\t\t\t\t\t\t\t\t\t\t\t\t<\/td>\n\t\t\t\t\t\t\t\t\t\t\t<td data-title=\"Total\">\n\t\t\t\t\t\t\t\t\t\t\t\t\t\t\t<del>7.29&#036;<\/del> <ins>0.00&#036;<\/ins> pour 0 article\n\t\t\t\t\t\t\t\t\t\t\t\t\t<\/td>\n\t\t\t\t\t\t\t\t\t\t\t<td data-title=\"Actions\">\n\t\t\t\t\t\t\t\t\t\t\t\t\t\t\t<a href=\"https:\/\/www.erableaufildutemps.ca\/mon-compte\/view-order\/9095\/\">Voir<\/a>\t\t\t\t\t\t\t\t\t\t\t\t\t<\/td>\n\t\t\t\t\t\t\t\t\t<\/tr>\n\t\t\t\t\t\t\t\t<tr>\n\t\t\t\t\t\t\t\t\t\t\t<td data-title=\"Commande\">\n\t\t\t\t\t\t\t\t\t\t\t\t\t\t\t<a href=\"https:\/\/www.erableaufildutemps.ca\/mon-compte\/view-order\/9018\/\">\n\t\t\t\t\t\t\t\t\tn&deg;9018\t\t\t\t\t\t\t\t<\/a>\n\t\t\t\t\t\t\t\t\t\t\t\t\t<\/td>\n\t\t\t\t\t\t\t\t\t\t\t<td data-title=\"Date\">\n\t\t\t\t\t\t\t\t\t\t\t\t\t\t\t<time datetime=\"2021-01-04T14:02:00+00:00\">4 janvier 2021<\/time>\n\t\t\t\t\t\t\t\t\t\t\t\t\t<\/td>\n\t\t\t\t\t\t\t\t\t\t\t<td data-title=\"\u00c9tat\">\n\t\t\t\t\t\t\t\t\t\t\t\t\t\t\tRembours\u00e9e\n\t\t\t\t\t\t\t\t\t\t\t\t\t<\/td>\n\t\t\t\t\t\t\t\t\t\t\t<td data-title=\"Total\">\n\t\t\t\t\t\t\t\t\t\t\t\t\t\t\t<del>7.00&#036;<\/del> <ins>0.00&#036;<\/ins> pour 0 article\n\t\t\t\t\t\t\t\t\t\t\t\t\t<\/td>\n\t\t\t\t\t\t\t\t\t\t\t<td data-title=\"Actions\">\n\t\t\t\t\t\t\t\t\t\t\t\t\t\t\t<a href=\"https:\/\/www.erableaufildutemps.ca\/mon-compte\/view-order\/9018\/\">Voir<\/a>\t\t\t\t\t\t\t\t\t\t\t\t\t<\/td>\n\t\t\t\t\t\t\t\t\t<\/tr>\n\t\t\t\t\t\t\t\t<tr>\n\t\t\t\t\t\t\t\t\t\t\t<td data-title=\"Commande\">\n\t\t\t\t\t\t\t\t\t\t\t\t\t\t\t<a href=\"https:\/\/www.erableaufildutemps.ca\/mon-compte\/view-order\/9017\/\">\n\t\t\t\t\t\t\t\t\tn&deg;9017\t\t\t\t\t\t\t\t<\/a>\n\t\t\t\t\t\t\t\t\t\t\t\t\t<\/td>\n\t\t\t\t\t\t\t\t\t\t\t<td data-title=\"Date\">\n\t\t\t\t\t\t\t\t\t\t\t\t\t\t\t<time datetime=\"2021-01-04T13:54:21+00:00\">4 janvier 2021<\/time>\n\t\t\t\t\t\t\t\t\t\t\t\t\t<\/td>\n\t\t\t\t\t\t\t\t\t\t\t<td data-title=\"\u00c9tat\">\n\t\t\t\t\t\t\t\t\t\t\t\t\t\t\tRembours\u00e9e\n\t\t\t\t\t\t\t\t\t\t\t\t\t<\/td>\n\t\t\t\t\t\t\t\t\t\t\t<td data-title=\"Total\">\n\t\t\t\t\t\t\t\t\t\t\t\t\t\t\t<del>6.99&#036;<\/del> <ins>0.00&#036;<\/ins> pour 0 article\n\t\t\t\t\t\t\t\t\t\t\t\t\t<\/td>\n\t\t\t\t\t\t\t\t\t\t\t<td data-title=\"Actions\">\n\t\t\t\t\t\t\t\t\t\t\t\t\t\t\t<a href=\"https:\/\/www.erableaufildutemps.ca\/mon-compte\/view-order\/9017\/\">Voir<\/a>\t\t\t\t\t\t\t\t\t\t\t\t\t<\/td>\n\t\t\t\t\t\t\t\t\t<\/tr>\n\t\t\t\t\t\t\t\t<tr>\n\t\t\t\t\t\t\t\t\t\t\t<td data-title=\"Commande\">\n\t\t\t\t\t\t\t\t\t\t\t\t\t\t\t<a href=\"https:\/\/www.erableaufildutemps.ca\/mon-compte\/view-order\/8981\/\">\n\t\t\t\t\t\t\t\t\tn&deg;8981\t\t\t\t\t\t\t\t<\/a>\n\t\t\t\t\t\t\t\t\t\t\t\t\t<\/td>\n\t\t\t\t\t\t\t\t\t\t\t<td data-title=\"Date\">\n\t\t\t\t\t\t\t\t\t\t\t\t\t\t\t<time datetime=\"2020-12-09T14:17:14+00:00\">9 d\u00e9cembre 2020<\/time>\n\t\t\t\t\t\t\t\t\t\t\t\t\t<\/td>\n\t\t\t\t\t\t\t\t\t\t\t<td data-title=\"\u00c9tat\">\n\t\t\t\t\t\t\t\t\t\t\t\t\t\t\tRembours\u00e9e\n\t\t\t\t\t\t\t\t\t\t\t\t\t<\/td>\n\t\t\t\t\t\t\t\t\t\t\t<td data-title=\"Total\">\n\t\t\t\t\t\t\t\t\t\t\t\t\t\t\t<del>6.99&#036;<\/del> <ins>0.00&#036;<\/ins> pour 0 article\n\t\t\t\t\t\t\t\t\t\t\t\t\t<\/td>\n\t\t\t\t\t\t\t\t\t\t\t<td data-title=\"Actions\">\n\t\t\t\t\t\t\t\t\t\t\t\t\t\t\t<a href=\"https:\/\/www.erableaufildutemps.ca\/mon-compte\/view-order\/8981\/\">Voir<\/a>\t\t\t\t\t\t\t\t\t\t\t\t\t<\/td>\n\t\t\t\t\t\t\t\t\t<\/tr>\n\t\t\t\t\t\t<\/tbody>\n\t<\/table>\n\n","protected":false},"excerpt":{"rendered":"<p>Click here to edit the announcement-bar module. This text is only for editing and will disappear after you publish the changes. NOUS LIVRONS DANS PLUSIEURS R\u00c9GIONS, CONTACTEZ-NOUS! Mon compte Tableau de bord Commandes T\u00e9l\u00e9chargements Adresses Moyens de paiement D\u00e9tails du compte D\u00e9connexion Commande Date \u00c9tat Total Actions n&deg;9095 5 f\u00e9vrier 2021 Rembours\u00e9e 7.29&#036; 0.00&#036; pour &hellip;<\/p>\n<p class=\"read-more\"> <a class=\"\" href=\"https:\/\/erableaufildutemps.ca\/en\/my-account\/\"> <span class=\"screen-reader-text\">My Account<\/span> Lire la suite \u00bb<\/a><\/p>\n","protected":false},"author":8,"featured_media":0,"parent":0,"menu_order":15,"comment_status":"closed","ping_status":"closed","template":"","meta":{"_acf_changed":false,"site-sidebar-layout":"no-sidebar","site-content-layout":"page-builder","ast-site-content-layout":"","site-content-style":"default","site-sidebar-style":"default","ast-global-header-display":"","ast-banner-title-visibility":"","ast-main-header-display":"","ast-hfb-above-header-display":"","ast-hfb-below-header-display":"","ast-hfb-mobile-header-display":"","site-post-title":"disabled","ast-breadcrumbs-content":"","ast-featured-img":"","footer-sml-layout":"","theme-transparent-header-meta":"disabled","adv-header-id-meta":"","stick-header-meta":"default","header-above-stick-meta":"","header-main-stick-meta":"","header-below-stick-meta":"","astra-migrate-meta-layouts":"","footnotes":""},"class_list":["post-10320","page","type-page","status-publish","hentry"],"acf":[],"yoast_head":"<!-- This site is optimized with the Yoast SEO plugin v26.7 - https:\/\/yoast.com\/wordpress\/plugins\/seo\/ -->\n<title>My Account - \u00c9rable au fil du temps - Maple grove and maple products<\/title>\n<meta name=\"robots\" content=\"index, follow, max-snippet:-1, max-image-preview:large, max-video-preview:-1\" \/>\n<link rel=\"canonical\" href=\"https:\/\/erableaufildutemps.ca\/en\/my-account\/\" \/>\n<meta property=\"og:locale\" content=\"en_US\" \/>\n<meta property=\"og:type\" content=\"article\" \/>\n<meta property=\"og:title\" content=\"My Account - \u00c9rable au fil du temps - Maple grove and maple products\" \/>\n<meta property=\"og:description\" content=\"Click here to edit the announcement-bar module. This text is only for editing and will disappear after you publish the changes. NOUS LIVRONS DANS PLUSIEURS R\u00c9GIONS, CONTACTEZ-NOUS! Mon compte Tableau de bord Commandes T\u00e9l\u00e9chargements Adresses Moyens de paiement D\u00e9tails du compte D\u00e9connexion Commande Date \u00c9tat Total Actions n&deg;9095 5 f\u00e9vrier 2021 Rembours\u00e9e 7.29&#036; 0.00&#036; pour &hellip; My Account Lire la suite \u00bb\" \/>\n<meta property=\"og:url\" content=\"https:\/\/erableaufildutemps.ca\/en\/my-account\/\" \/>\n<meta property=\"og:site_name\" content=\"\u00c9rable au fil du temps - Maple grove and maple products\" \/>\n<meta name=\"twitter:card\" content=\"summary_large_image\" \/>\n<script type=\"application\/ld+json\" class=\"yoast-schema-graph\">{\"@context\":\"https:\/\/schema.org\",\"@graph\":[{\"@type\":\"WebPage\",\"@id\":\"https:\/\/erableaufildutemps.ca\/en\/my-account\/\",\"url\":\"https:\/\/erableaufildutemps.ca\/en\/my-account\/\",\"name\":\"My Account - \u00c9rable au fil du temps - Maple grove and maple products\",\"isPartOf\":{\"@id\":\"https:\/\/erableaufildutemps.ca\/#website\"},\"datePublished\":\"2022-02-08T02:01:06+00:00\",\"breadcrumb\":{\"@id\":\"https:\/\/erableaufildutemps.ca\/en\/my-account\/#breadcrumb\"},\"inLanguage\":\"en-US\",\"potentialAction\":[{\"@type\":\"ReadAction\",\"target\":[\"https:\/\/erableaufildutemps.ca\/en\/my-account\/\"]}]},{\"@type\":\"BreadcrumbList\",\"@id\":\"https:\/\/erableaufildutemps.ca\/en\/my-account\/#breadcrumb\",\"itemListElement\":[{\"@type\":\"ListItem\",\"position\":1,\"name\":\"Accueil\",\"item\":\"https:\/\/erableaufildutemps.ca\/en\/homepage\/\"},{\"@type\":\"ListItem\",\"position\":2,\"name\":\"My Account\"}]},{\"@type\":\"WebSite\",\"@id\":\"https:\/\/erableaufildutemps.ca\/#website\",\"url\":\"https:\/\/erableaufildutemps.ca\/\",\"name\":\"\u00c9rable au fil du temps - Maple grove and maple products\",\"description\":\"L&#039;\u00e9rable c&#039;est tout le temps bon!\",\"publisher\":{\"@id\":\"https:\/\/erableaufildutemps.ca\/#organization\"},\"potentialAction\":[{\"@type\":\"SearchAction\",\"target\":{\"@type\":\"EntryPoint\",\"urlTemplate\":\"https:\/\/erableaufildutemps.ca\/?s={search_term_string}\"},\"query-input\":{\"@type\":\"PropertyValueSpecification\",\"valueRequired\":true,\"valueName\":\"search_term_string\"}}],\"inLanguage\":\"en-US\"},{\"@type\":\"Organization\",\"@id\":\"https:\/\/erableaufildutemps.ca\/#organization\",\"name\":\"\u00c9rable au fil du temps - Maple grove and maple products\",\"url\":\"https:\/\/erableaufildutemps.ca\/\",\"logo\":{\"@type\":\"ImageObject\",\"inLanguage\":\"en-US\",\"@id\":\"https:\/\/erableaufildutemps.ca\/#\/schema\/logo\/image\/\",\"url\":\"https:\/\/erableaufildutemps.ca\/wp-content\/uploads\/2020\/11\/cropped-ErableFilDuTemps_LOGO.png\",\"contentUrl\":\"https:\/\/erableaufildutemps.ca\/wp-content\/uploads\/2020\/11\/cropped-ErableFilDuTemps_LOGO.png\",\"width\":582,\"height\":380,\"caption\":\"\u00c9rable au fil du temps - Maple grove and maple products\"},\"image\":{\"@id\":\"https:\/\/erableaufildutemps.ca\/#\/schema\/logo\/image\/\"}}]}<\/script>\n<!-- \/ Yoast SEO plugin. -->","yoast_head_json":{"title":"My Account - \u00c9rable au fil du temps - Maple grove and maple products","robots":{"index":"index","follow":"follow","max-snippet":"max-snippet:-1","max-image-preview":"max-image-preview:large","max-video-preview":"max-video-preview:-1"},"canonical":"https:\/\/erableaufildutemps.ca\/en\/my-account\/","og_locale":"en_US","og_type":"article","og_title":"My Account - \u00c9rable au fil du temps - Maple grove and maple products","og_description":"Click here to edit the announcement-bar module. This text is only for editing and will disappear after you publish the changes. NOUS LIVRONS DANS PLUSIEURS R\u00c9GIONS, CONTACTEZ-NOUS! Mon compte Tableau de bord Commandes T\u00e9l\u00e9chargements Adresses Moyens de paiement D\u00e9tails du compte D\u00e9connexion Commande Date \u00c9tat Total Actions n&deg;9095 5 f\u00e9vrier 2021 Rembours\u00e9e 7.29&#036; 0.00&#036; pour &hellip; My Account Lire la suite \u00bb","og_url":"https:\/\/erableaufildutemps.ca\/en\/my-account\/","og_site_name":"\u00c9rable au fil du temps - Maple grove and maple products","twitter_card":"summary_large_image","schema":{"@context":"https:\/\/schema.org","@graph":[{"@type":"WebPage","@id":"https:\/\/erableaufildutemps.ca\/en\/my-account\/","url":"https:\/\/erableaufildutemps.ca\/en\/my-account\/","name":"My Account - \u00c9rable au fil du temps - Maple grove and maple products","isPartOf":{"@id":"https:\/\/erableaufildutemps.ca\/#website"},"datePublished":"2022-02-08T02:01:06+00:00","breadcrumb":{"@id":"https:\/\/erableaufildutemps.ca\/en\/my-account\/#breadcrumb"},"inLanguage":"en-US","potentialAction":[{"@type":"ReadAction","target":["https:\/\/erableaufildutemps.ca\/en\/my-account\/"]}]},{"@type":"BreadcrumbList","@id":"https:\/\/erableaufildutemps.ca\/en\/my-account\/#breadcrumb","itemListElement":[{"@type":"ListItem","position":1,"name":"Accueil","item":"https:\/\/erableaufildutemps.ca\/en\/homepage\/"},{"@type":"ListItem","position":2,"name":"My Account"}]},{"@type":"WebSite","@id":"https:\/\/erableaufildutemps.ca\/#website","url":"https:\/\/erableaufildutemps.ca\/","name":"\u00c9rable au fil du temps - Maple grove and maple products","description":"L&#039;\u00e9rable c&#039;est tout le temps bon!","publisher":{"@id":"https:\/\/erableaufildutemps.ca\/#organization"},"potentialAction":[{"@type":"SearchAction","target":{"@type":"EntryPoint","urlTemplate":"https:\/\/erableaufildutemps.ca\/?s={search_term_string}"},"query-input":{"@type":"PropertyValueSpecification","valueRequired":true,"valueName":"search_term_string"}}],"inLanguage":"en-US"},{"@type":"Organization","@id":"https:\/\/erableaufildutemps.ca\/#organization","name":"\u00c9rable au fil du temps - Maple grove and maple products","url":"https:\/\/erableaufildutemps.ca\/","logo":{"@type":"ImageObject","inLanguage":"en-US","@id":"https:\/\/erableaufildutemps.ca\/#\/schema\/logo\/image\/","url":"https:\/\/erableaufildutemps.ca\/wp-content\/uploads\/2020\/11\/cropped-ErableFilDuTemps_LOGO.png","contentUrl":"https:\/\/erableaufildutemps.ca\/wp-content\/uploads\/2020\/11\/cropped-ErableFilDuTemps_LOGO.png","width":582,"height":380,"caption":"\u00c9rable au fil du temps - Maple grove and maple products"},"image":{"@id":"https:\/\/erableaufildutemps.ca\/#\/schema\/logo\/image\/"}}]}},"_links":{"self":[{"href":"https:\/\/erableaufildutemps.ca\/en\/wp-json\/wp\/v2\/pages\/10320","targetHints":{"allow":["GET"]}}],"collection":[{"href":"https:\/\/erableaufildutemps.ca\/en\/wp-json\/wp\/v2\/pages"}],"about":[{"href":"https:\/\/erableaufildutemps.ca\/en\/wp-json\/wp\/v2\/types\/page"}],"author":[{"embeddable":true,"href":"https:\/\/erableaufildutemps.ca\/en\/wp-json\/wp\/v2\/users\/8"}],"replies":[{"embeddable":true,"href":"https:\/\/erableaufildutemps.ca\/en\/wp-json\/wp\/v2\/comments?post=10320"}],"version-history":[{"count":0,"href":"https:\/\/erableaufildutemps.ca\/en\/wp-json\/wp\/v2\/pages\/10320\/revisions"}],"wp:attachment":[{"href":"https:\/\/erableaufildutemps.ca\/en\/wp-json\/wp\/v2\/media?parent=10320"}],"curies":[{"name":"wp","href":"https:\/\/api.w.org\/{rel}","templated":true}]}}